{"id":1020890,"date":"2025-11-21T09:29:44","date_gmt":"2025-11-21T09:29:44","guid":{"rendered":"https:\/\/fjallraven.dev.mortar.tovarnaidej.com\/?post_type=product&#038;p=1020890"},"modified":"2025-11-27T12:10:52","modified_gmt":"2025-11-27T12:10:52","slug":"abisko-lite-neck-gaiter","status":"publish","type":"product","link":"https:\/\/fjallraven.dev.mortar.tovarnaidej.com\/sl\/izdelek\/abisko-lite-neck-gaiter\/","title":{"rendered":"Abisko Lite Neck Gaiter"},"content":{"rendered":"<p>Udobne, duge gama\u0161e za vrat od mekane mje\u0161avine merino vune i poliestera. Mogu se nositi na vi\u0161e na\u010dina &#8211; oko vrata, kao balaklava, kapa ili traka za glavu &#8211; kako bi se sprije\u010dio ulazak ledenih vjetrova. Savr\u0161ene su i za aktivnosti i no\u0107u u \u0161atoru. Vuna odvodi vlagu i izolira \u010dak i kada je vla\u017ena, a prirodno se odupire mirisima. Izvezeni logotip i niskoprofilni ravni \u0161avovi.<\/p>\n","protected":false},"excerpt":{"rendered":"<p>Lagane i udobne naramenice za vrat od mekane mje\u0161avine merino vune i poliestera. Proizvedeno bez PFAS-a.<\/p>\n","protected":false},"featured_media":1024377,"template":"","meta":[],"product_brand":[458],"product_cat":[266],"product_tag":[472,541,486,471,485],"class_list":{"0":"post-1020890","1":"product","2":"type-product","3":"status-publish","4":"has-post-thumbnail","6":"product_brand-abisko","7":"product_cat-dodaci-za-odjecu","8":"product_tag-abisko","9":"product_tag-dodaci-kape","10":"product_tag-ostali-modni-dodaci","11":"product_tag-trekking","12":"product_tag-unisex","14":"first","15":"outofstock","16":"shipping-taxable","17":"purchasable","18":"product-type-variable"},"_links":{"self":[{"href":"https:\/\/fjallraven.dev.mortar.tovarnaidej.com\/sl\/wp-json\/wp\/v2\/product\/1020890","targetHints":{"allow":["GET"]}}],"collection":[{"href":"https:\/\/fjallraven.dev.mortar.tovarnaidej.com\/sl\/wp-json\/wp\/v2\/product"}],"about":[{"href":"https:\/\/fjallraven.dev.mortar.tovarnaidej.com\/sl\/wp-json\/wp\/v2\/types\/product"}],"version-history":[{"count":1,"href":"https:\/\/fjallraven.dev.mortar.tovarnaidej.com\/sl\/wp-json\/wp\/v2\/product\/1020890\/revisions"}],"predecessor-version":[{"id":1020915,"href":"https:\/\/fjallraven.dev.mortar.tovarnaidej.com\/sl\/wp-json\/wp\/v2\/product\/1020890\/revisions\/1020915"}],"wp:featuredmedia":[{"embeddable":true,"href":"https:\/\/fjallraven.dev.mortar.tovarnaidej.com\/sl\/wp-json\/wp\/v2\/media\/1024377"}],"wp:attachment":[{"href":"https:\/\/fjallraven.dev.mortar.tovarnaidej.com\/sl\/wp-json\/wp\/v2\/media?parent=1020890"}],"wp:term":[{"taxonomy":"product_brand","embeddable":true,"href":"https:\/\/fjallraven.dev.mortar.tovarnaidej.com\/sl\/wp-json\/wp\/v2\/product_brand?post=1020890"},{"taxonomy":"product_cat","embeddable":true,"href":"https:\/\/fjallraven.dev.mortar.tovarnaidej.com\/sl\/wp-json\/wp\/v2\/product_cat?post=1020890"},{"taxonomy":"product_tag","embeddable":true,"href":"https:\/\/fjallraven.dev.mortar.tovarnaidej.com\/sl\/wp-json\/wp\/v2\/product_tag?post=1020890"}],"curies":[{"name":"wp","href":"https:\/\/api.w.org\/{rel}","templated":true}]}}