{"id":1020922,"date":"2025-11-21T09:29:51","date_gmt":"2025-11-21T09:29:51","guid":{"rendered":"https:\/\/fjallraven.dev.mortar.tovarnaidej.com\/?post_type=product&#038;p=1020922"},"modified":"2025-11-27T12:10:52","modified_gmt":"2025-11-27T12:10:52","slug":"greenland-winter-jacket-m","status":"publish","type":"product","link":"https:\/\/fjallraven.dev.mortar.tovarnaidej.com\/sl\/izdelek\/greenland-winter-jacket-m\/","title":{"rendered":"Greenland Winter Jacket M"},"content":{"rendered":"<p>Klasik iz 1970-ih koji je grijao generacije ljubitelja prirode &#8211; sada s pobolj\u0161anim krojem i odr\u017eivim materijalima. Vanjska tkanina otporna na vremenske uvjete, mekana podstava od flisa i prakti\u010dni detalji \u010dine zimsku jaknu koja se jednako osje\u0107a kao kod ku\u0107e u \u0161umi kao i u gradu. Njena vodootporna svojstva mogu se pobolj\u0161ati Greenland Waxom, \u0161to dodatno pove\u0107ava trajnost ve\u0107 dugotrajne jakne.<\/p>\n","protected":false},"excerpt":{"rendered":"<p>Klasi\u010dna, izdr\u017eljiva zimska jakna s toplom podstavom od pli\u0161anog meka. Odli\u010dna i za prirodu i grad. Proizvedeno bez PFAS-a.<\/p>\n","protected":false},"featured_media":1024395,"template":"","meta":[],"product_brand":[465],"product_cat":[217],"product_tag":[479,498,476,512,514,517,470],"class_list":{"0":"post-1020922","1":"product","2":"type-product","3":"status-publish","4":"has-post-thumbnail","6":"product_brand-greenland","7":"product_cat-jakne","8":"product_tag-everyday-outdoor","9":"product_tag-greenland","10":"product_tag-jakne-od-sintetike","11":"product_tag-muske-jakne","12":"product_tag-muske-jakne-outdoor","13":"product_tag-muske-jakne-zimske","14":"product_tag-muski","16":"first","17":"outofstock","18":"shipping-taxable","19":"purchasable","20":"product-type-variable"},"_links":{"self":[{"href":"https:\/\/fjallraven.dev.mortar.tovarnaidej.com\/sl\/wp-json\/wp\/v2\/product\/1020922","targetHints":{"allow":["GET"]}}],"collection":[{"href":"https:\/\/fjallraven.dev.mortar.tovarnaidej.com\/sl\/wp-json\/wp\/v2\/product"}],"about":[{"href":"https:\/\/fjallraven.dev.mortar.tovarnaidej.com\/sl\/wp-json\/wp\/v2\/types\/product"}],"version-history":[{"count":1,"href":"https:\/\/fjallraven.dev.mortar.tovarnaidej.com\/sl\/wp-json\/wp\/v2\/product\/1020922\/revisions"}],"predecessor-version":[{"id":1020929,"href":"https:\/\/fjallraven.dev.mortar.tovarnaidej.com\/sl\/wp-json\/wp\/v2\/product\/1020922\/revisions\/1020929"}],"wp:featuredmedia":[{"embeddable":true,"href":"https:\/\/fjallraven.dev.mortar.tovarnaidej.com\/sl\/wp-json\/wp\/v2\/media\/1024395"}],"wp:attachment":[{"href":"https:\/\/fjallraven.dev.mortar.tovarnaidej.com\/sl\/wp-json\/wp\/v2\/media?parent=1020922"}],"wp:term":[{"taxonomy":"product_brand","embeddable":true,"href":"https:\/\/fjallraven.dev.mortar.tovarnaidej.com\/sl\/wp-json\/wp\/v2\/product_brand?post=1020922"},{"taxonomy":"product_cat","embeddable":true,"href":"https:\/\/fjallraven.dev.mortar.tovarnaidej.com\/sl\/wp-json\/wp\/v2\/product_cat?post=1020922"},{"taxonomy":"product_tag","embeddable":true,"href":"https:\/\/fjallraven.dev.mortar.tovarnaidej.com\/sl\/wp-json\/wp\/v2\/product_tag?post=1020922"}],"curies":[{"name":"wp","href":"https:\/\/api.w.org\/{rel}","templated":true}]}}