{"id":1020923,"date":"2025-11-21T09:29:51","date_gmt":"2025-11-21T09:29:51","guid":{"rendered":"https:\/\/fjallraven.dev.mortar.tovarnaidej.com\/?post_type=product&#038;p=1020923"},"modified":"2025-11-27T12:10:52","modified_gmt":"2025-11-27T12:10:52","slug":"nuuk-lite-parka-w","status":"publish","type":"product","link":"https:\/\/fjallraven.dev.mortar.tovarnaidej.com\/sl\/izdelek\/nuuk-lite-parka-w\/","title":{"rendered":"Nuuk Lite Parka W"},"content":{"rendered":"<p>Lagana verzija na\u0161e najprodavanije Nuuk Parke, napravljena za bla\u017ee uvjete. Njen dugi, prostrani kroj se\u017ee preko stra\u017enjice i bedara, \u0161to je \u010dini savr\u0161enim izborom za vla\u017ene i hladne jesenske dane; vodootporna je, otporna na vjetar i prozra\u010dna pa \u0107e za\u0161tititi od vjetra i ki\u0161e, a sinteti\u010dko punjenje zadr\u017eava toplinu \u010dak i u vla\u017enim uvjetima. Vezica za zatezanje u struku i za\u0161titna kapulja\u010da s odvojivim rubom od umjetnog krzna. Mnogo d\u017eepova za bitne stvari, uklju\u010duju\u0107i tople d\u017eepove za ruke u visini prsa. Dvosmjerni patentni zatvara\u010d sa za\u0161titnim preklopom i drukerima u\u0161ivenim u traku kako bi se olak\u0161ali svi potrebni popravci. Vanjski sloj od recikliranog poliamida i punjenje od poliestera.<\/p>\n","protected":false},"excerpt":{"rendered":"<p>Lagana verzija najprodavanije Nuuk Parke s odvojivim rubom od umjetnog krzna, dizajnirana za bla\u017ee uvjete s dugim, prostranim krojem koji se\u017ee preko stra\u017enjice i bedara. Proizvedeno bez PFAS-a.<\/p>\n","protected":false},"featured_media":1024400,"template":"","meta":[],"product_brand":[105],"product_cat":[217],"product_tag":[476,477,471,489,550,556,561,555,559],"class_list":{"0":"post-1020923","1":"product","2":"type-product","3":"status-publish","4":"has-post-thumbnail","6":"product_brand-polar","7":"product_cat-jakne","8":"product_tag-jakne-od-sintetike","9":"product_tag-polar","10":"product_tag-trekking","11":"product_tag-zene","12":"product_tag-zene-jakne","13":"product_tag-zenske-jakne-outdoor","14":"product_tag-zenske-jakne-perjene","15":"product_tag-zenske-jakne-treking","16":"product_tag-zenske-jakne-zimske","18":"first","19":"outofstock","20":"shipping-taxable","21":"purchasable","22":"product-type-variable"},"_links":{"self":[{"href":"https:\/\/fjallraven.dev.mortar.tovarnaidej.com\/sl\/wp-json\/wp\/v2\/product\/1020923","targetHints":{"allow":["GET"]}}],"collection":[{"href":"https:\/\/fjallraven.dev.mortar.tovarnaidej.com\/sl\/wp-json\/wp\/v2\/product"}],"about":[{"href":"https:\/\/fjallraven.dev.mortar.tovarnaidej.com\/sl\/wp-json\/wp\/v2\/types\/product"}],"version-history":[{"count":1,"href":"https:\/\/fjallraven.dev.mortar.tovarnaidej.com\/sl\/wp-json\/wp\/v2\/product\/1020923\/revisions"}],"predecessor-version":[{"id":1020934,"href":"https:\/\/fjallraven.dev.mortar.tovarnaidej.com\/sl\/wp-json\/wp\/v2\/product\/1020923\/revisions\/1020934"}],"wp:featuredmedia":[{"embeddable":true,"href":"https:\/\/fjallraven.dev.mortar.tovarnaidej.com\/sl\/wp-json\/wp\/v2\/media\/1024400"}],"wp:attachment":[{"href":"https:\/\/fjallraven.dev.mortar.tovarnaidej.com\/sl\/wp-json\/wp\/v2\/media?parent=1020923"}],"wp:term":[{"taxonomy":"product_brand","embeddable":true,"href":"https:\/\/fjallraven.dev.mortar.tovarnaidej.com\/sl\/wp-json\/wp\/v2\/product_brand?post=1020923"},{"taxonomy":"product_cat","embeddable":true,"href":"https:\/\/fjallraven.dev.mortar.tovarnaidej.com\/sl\/wp-json\/wp\/v2\/product_cat?post=1020923"},{"taxonomy":"product_tag","embeddable":true,"href":"https:\/\/fjallraven.dev.mortar.tovarnaidej.com\/sl\/wp-json\/wp\/v2\/product_tag?post=1020923"}],"curies":[{"name":"wp","href":"https:\/\/api.w.org\/{rel}","templated":true}]}}