{"id":1020924,"date":"2025-11-21T09:29:52","date_gmt":"2025-11-21T09:29:52","guid":{"rendered":"https:\/\/fjallraven.dev.mortar.tovarnaidej.com\/?post_type=product&#038;p=1020924"},"modified":"2025-11-27T12:10:52","modified_gmt":"2025-11-27T12:10:52","slug":"1960-logo-badge-sweater-m","status":"publish","type":"product","link":"https:\/\/fjallraven.dev.mortar.tovarnaidej.com\/sl\/izdelek\/1960-logo-badge-sweater-m\/","title":{"rendered":"1960 Logo Badge Sweater M"},"content":{"rendered":"<p>Udoban d\u017eemper izra\u0111en od 100% organskog pamuka s okruglim izrezom i klasi\u010dnim tkanim logotipom 1960 na prsima. Ravni \u0161avovi s rebrastim ovratnikom, man\u017eetama i rubom. Inspiriran najprodavanijim Vardag d\u017eemperom, ovaj \u0107e d\u017eemper zasigurno postati popularan svakodnevni odjevni predmet.<\/p>\n","protected":false},"excerpt":{"rendered":"<p>Udoban d\u017eemper izra\u0111en od 100% organskog pamuka s okruglim izrezom i klasi\u010dnim izvezenim logotipom 1960. na prsima. Proizvedeno bez PFAS-a.<\/p>\n","protected":false},"featured_media":1024461,"template":"","meta":[],"product_brand":[460],"product_cat":[186],"product_tag":[592,482,479,470,480,508],"class_list":{"0":"post-1020924","1":"product","2":"type-product","3":"status-publish","4":"has-post-thumbnail","6":"product_brand-ovik","7":"product_cat-srednji-slojevi","8":"product_tag-dzemperi-i-pletivo-muski","9":"product_tag-dzemperi-i-vuna","10":"product_tag-everyday-outdoor","11":"product_tag-muski","12":"product_tag-ovik","13":"product_tag-prsluci","15":"first","16":"outofstock","17":"shipping-taxable","18":"purchasable","19":"product-type-variable"},"_links":{"self":[{"href":"https:\/\/fjallraven.dev.mortar.tovarnaidej.com\/sl\/wp-json\/wp\/v2\/product\/1020924","targetHints":{"allow":["GET"]}}],"collection":[{"href":"https:\/\/fjallraven.dev.mortar.tovarnaidej.com\/sl\/wp-json\/wp\/v2\/product"}],"about":[{"href":"https:\/\/fjallraven.dev.mortar.tovarnaidej.com\/sl\/wp-json\/wp\/v2\/types\/product"}],"version-history":[{"count":1,"href":"https:\/\/fjallraven.dev.mortar.tovarnaidej.com\/sl\/wp-json\/wp\/v2\/product\/1020924\/revisions"}],"predecessor-version":[{"id":1020949,"href":"https:\/\/fjallraven.dev.mortar.tovarnaidej.com\/sl\/wp-json\/wp\/v2\/product\/1020924\/revisions\/1020949"}],"wp:featuredmedia":[{"embeddable":true,"href":"https:\/\/fjallraven.dev.mortar.tovarnaidej.com\/sl\/wp-json\/wp\/v2\/media\/1024461"}],"wp:attachment":[{"href":"https:\/\/fjallraven.dev.mortar.tovarnaidej.com\/sl\/wp-json\/wp\/v2\/media?parent=1020924"}],"wp:term":[{"taxonomy":"product_brand","embeddable":true,"href":"https:\/\/fjallraven.dev.mortar.tovarnaidej.com\/sl\/wp-json\/wp\/v2\/product_brand?post=1020924"},{"taxonomy":"product_cat","embeddable":true,"href":"https:\/\/fjallraven.dev.mortar.tovarnaidej.com\/sl\/wp-json\/wp\/v2\/product_cat?post=1020924"},{"taxonomy":"product_tag","embeddable":true,"href":"https:\/\/fjallraven.dev.mortar.tovarnaidej.com\/sl\/wp-json\/wp\/v2\/product_tag?post=1020924"}],"curies":[{"name":"wp","href":"https:\/\/api.w.org\/{rel}","templated":true}]}}