{"id":1020956,"date":"2025-11-21T09:30:00","date_gmt":"2025-11-21T09:30:00","guid":{"rendered":"https:\/\/fjallraven.dev.mortar.tovarnaidej.com\/?post_type=product&#038;p=1020956"},"modified":"2025-11-27T12:10:52","modified_gmt":"2025-11-27T12:10:52","slug":"ovik-rib-sweater-m","status":"publish","type":"product","link":"https:\/\/fjallraven.dev.mortar.tovarnaidej.com\/sl\/izdelek\/ovik-rib-sweater-m\/","title":{"rendered":"\u00d6vik Rib Sweater M"},"content":{"rendered":"<p>Klasi\u010dni okrugli izrez izra\u0111en od vune s mogu\u0107no\u0161\u0107u pra\u0107enja. Pleten polukardigan bodom za odli\u010dnu izolaciju i raglan rukavima za udobnost i slobodu kretanja. Rebrasti izrez, man\u017eete i rub. Logotip lisice od ko\u017ee na rukavu. Fantasti\u010dan bezvremenski odjevni predmet savr\u0161en za no\u0161enje tijekom cijele godine za svakodnevne aktivnosti.<\/p>\n","protected":false},"excerpt":{"rendered":"<p>Klasi\u010dni pleteni pulover s okruglim izrezom izra\u0111en  vune iz provjerenih izvora. Proizvedeno bez PFAS-a.<\/p>\n","protected":false},"featured_media":1024511,"template":"","meta":[],"product_brand":[460],"product_cat":[186],"product_tag":[592,482,479,470,533,480,508],"class_list":{"0":"post-1020956","1":"product","2":"type-product","3":"status-publish","4":"has-post-thumbnail","6":"product_brand-ovik","7":"product_cat-srednji-slojevi","8":"product_tag-dzemperi-i-pletivo-muski","9":"product_tag-dzemperi-i-vuna","10":"product_tag-everyday-outdoor","11":"product_tag-muski","12":"product_tag-mid-layer-muski-pletivo","13":"product_tag-ovik","14":"product_tag-prsluci","16":"first","17":"outofstock","18":"shipping-taxable","19":"purchasable","20":"product-type-variable"},"_links":{"self":[{"href":"https:\/\/fjallraven.dev.mortar.tovarnaidej.com\/sl\/wp-json\/wp\/v2\/product\/1020956","targetHints":{"allow":["GET"]}}],"collection":[{"href":"https:\/\/fjallraven.dev.mortar.tovarnaidej.com\/sl\/wp-json\/wp\/v2\/product"}],"about":[{"href":"https:\/\/fjallraven.dev.mortar.tovarnaidej.com\/sl\/wp-json\/wp\/v2\/types\/product"}],"version-history":[{"count":1,"href":"https:\/\/fjallraven.dev.mortar.tovarnaidej.com\/sl\/wp-json\/wp\/v2\/product\/1020956\/revisions"}],"predecessor-version":[{"id":1020974,"href":"https:\/\/fjallraven.dev.mortar.tovarnaidej.com\/sl\/wp-json\/wp\/v2\/product\/1020956\/revisions\/1020974"}],"wp:featuredmedia":[{"embeddable":true,"href":"https:\/\/fjallraven.dev.mortar.tovarnaidej.com\/sl\/wp-json\/wp\/v2\/media\/1024511"}],"wp:attachment":[{"href":"https:\/\/fjallraven.dev.mortar.tovarnaidej.com\/sl\/wp-json\/wp\/v2\/media?parent=1020956"}],"wp:term":[{"taxonomy":"product_brand","embeddable":true,"href":"https:\/\/fjallraven.dev.mortar.tovarnaidej.com\/sl\/wp-json\/wp\/v2\/product_brand?post=1020956"},{"taxonomy":"product_cat","embeddable":true,"href":"https:\/\/fjallraven.dev.mortar.tovarnaidej.com\/sl\/wp-json\/wp\/v2\/product_cat?post=1020956"},{"taxonomy":"product_tag","embeddable":true,"href":"https:\/\/fjallraven.dev.mortar.tovarnaidej.com\/sl\/wp-json\/wp\/v2\/product_tag?post=1020956"}],"curies":[{"name":"wp","href":"https:\/\/api.w.org\/{rel}","templated":true}]}}