{"id":1020957,"date":"2025-11-21T09:30:00","date_gmt":"2025-11-21T09:30:00","guid":{"rendered":"https:\/\/fjallraven.dev.mortar.tovarnaidej.com\/?post_type=product&#038;p=1020957"},"modified":"2025-11-27T12:10:52","modified_gmt":"2025-11-27T12:10:52","slug":"abisko-winter-stretch-trousers-w","status":"publish","type":"product","link":"https:\/\/fjallraven.dev.mortar.tovarnaidej.com\/sl\/izdelek\/abisko-winter-stretch-trousers-w\/","title":{"rendered":"Abisko Winter Stretch Trousers W"},"content":{"rendered":"<p>Stvorene da budu va\u0161e omiljene vi\u0161enamjenske trekking hla\u010de u hladnim uvjetima, Abisko Winter Stretch hla\u010de su softshell zimske hla\u010de izra\u0111ene od dvostruko tkane, \u010detverosmjerno rastezljive tkanine s \u010detkanom unutarnjom stranom koja ih \u010dini toplima i izuzetno udobnima. Tkanina je izra\u0111ena od mje\u0161avine recikliranog poliamida, poliestera i elastana s DWR-om proizvedenim bez PFAS-a. Artikulirana koljena i elasti\u010dni pojas doprinose izvrsnoj slobodi kretanja, a podesivi zavr\u0161eci nogavica s trakama za sprje\u010davanje ulaska snijega. D\u017eepovi za ruke i nogavice s patentnim zatvara\u010dem. Savr\u0161ene za zimske izlete gdje vam je potrebna izvrsna sloboda kretanja u kombinaciji s toplinom, izdr\u017eljivo\u0161\u0107u i za\u0161titom od vremenskih uvjeta. Ako ste ve\u0107 obo\u017eavatelj na\u0161ih hla\u010da, mo\u017eete o\u010dekivati \u200b\u200bda \u0107ete ostati iste veli\u010dine u na\u0161em pobolj\u0161anom kroju.<\/p>\n","protected":false},"excerpt":{"rendered":"<p>Tople, izdr\u017eljive i rastezljive softshell treking hla\u010de za hladne uvjete. Proizvedeno bez PFAS-a.<\/p>\n","protected":false},"featured_media":1024521,"template":"","meta":[],"product_brand":[458],"product_cat":[174],"product_tag":[472,469,471,489,552,565],"class_list":{"0":"post-1020957","1":"product","2":"type-product","3":"status-publish","4":"has-post-thumbnail","6":"product_brand-abisko","7":"product_cat-hlace-i-suknje","8":"product_tag-abisko","9":"product_tag-hlace","10":"product_tag-trekking","11":"product_tag-zene","12":"product_tag-hlace-zene","13":"product_tag-hlace-zene-treking","15":"first","16":"outofstock","17":"shipping-taxable","18":"purchasable","19":"product-type-variable"},"_links":{"self":[{"href":"https:\/\/fjallraven.dev.mortar.tovarnaidej.com\/sl\/wp-json\/wp\/v2\/product\/1020957","targetHints":{"allow":["GET"]}}],"collection":[{"href":"https:\/\/fjallraven.dev.mortar.tovarnaidej.com\/sl\/wp-json\/wp\/v2\/product"}],"about":[{"href":"https:\/\/fjallraven.dev.mortar.tovarnaidej.com\/sl\/wp-json\/wp\/v2\/types\/product"}],"version-history":[{"count":1,"href":"https:\/\/fjallraven.dev.mortar.tovarnaidej.com\/sl\/wp-json\/wp\/v2\/product\/1020957\/revisions"}],"predecessor-version":[{"id":1020983,"href":"https:\/\/fjallraven.dev.mortar.tovarnaidej.com\/sl\/wp-json\/wp\/v2\/product\/1020957\/revisions\/1020983"}],"wp:featuredmedia":[{"embeddable":true,"href":"https:\/\/fjallraven.dev.mortar.tovarnaidej.com\/sl\/wp-json\/wp\/v2\/media\/1024521"}],"wp:attachment":[{"href":"https:\/\/fjallraven.dev.mortar.tovarnaidej.com\/sl\/wp-json\/wp\/v2\/media?parent=1020957"}],"wp:term":[{"taxonomy":"product_brand","embeddable":true,"href":"https:\/\/fjallraven.dev.mortar.tovarnaidej.com\/sl\/wp-json\/wp\/v2\/product_brand?post=1020957"},{"taxonomy":"product_cat","embeddable":true,"href":"https:\/\/fjallraven.dev.mortar.tovarnaidej.com\/sl\/wp-json\/wp\/v2\/product_cat?post=1020957"},{"taxonomy":"product_tag","embeddable":true,"href":"https:\/\/fjallraven.dev.mortar.tovarnaidej.com\/sl\/wp-json\/wp\/v2\/product_tag?post=1020957"}],"curies":[{"name":"wp","href":"https:\/\/api.w.org\/{rel}","templated":true}]}}