{"id":1020989,"date":"2025-11-21T09:30:08","date_gmt":"2025-11-21T09:30:08","guid":{"rendered":"https:\/\/fjallraven.dev.mortar.tovarnaidej.com\/?post_type=product&#038;p=1020989"},"modified":"2025-11-27T12:10:51","modified_gmt":"2025-11-27T12:10:51","slug":"vidda-pro-trousers-m","status":"publish","type":"product","link":"https:\/\/fjallraven.dev.mortar.tovarnaidej.com\/sl\/izdelek\/vidda-pro-trousers-m\/","title":{"rendered":"Vidda Pro Trousers M"},"content":{"rendered":"<p>Izdr\u017eljive trekking hla\u010de za avanture u planinama i \u0161umi. Izra\u0111ene od izdr\u017eljive tkanine G-1000 otporne na vjetar i vodu s dvostrukim slojevima preko stra\u017enjeg dijela i koljena. Regularni struk (srednji struk) i regularni kroj s prethodno oblikovanim koljenima. \u0160est prakti\u010dnih d\u017eepova, uklju\u010duju\u0107i d\u017eep za kartu i d\u017eep za vi\u0161enamjenski alat. Elasti\u010dne trake za pode\u0161avanje s drukerima na krajevima nogavica. Dostupne u tri duljine: kratke, regularne i duge. Ako ste ve\u0107 ljubitelj na\u0161ih hla\u010da, trebali biste naru\u010diti broj ve\u0107i u na\u0161em Improved Fit. Ako vam je ovo prvi par hla\u010da, pogledajte na\u0161 Vodi\u010d za veli\u010dine kako biste prona\u0161li odgovaraju\u0107u veli\u010dinu.<\/p>\n","protected":false},"excerpt":{"rendered":"<p>Izdr\u017eljive G-1000 treking hla\u010de za sve vrste avantura u planinama i \u0161umama. Proizvedeno bez PFAS-a.<\/p>\n","protected":false},"featured_media":1024622,"template":"","meta":[],"product_brand":[461],"product_cat":[259],"product_tag":[469,528,535,470,488,471],"class_list":{"0":"post-1020989","1":"product","2":"type-product","3":"status-publish","4":"has-post-thumbnail","6":"product_brand-singi","7":"product_cat-hlace-i-suknje","8":"product_tag-hlace","9":"product_tag-hlace-muski","10":"product_tag-muske-trekking-hlace","11":"product_tag-muski","12":"product_tag-singi","13":"product_tag-trekking","15":"first","16":"outofstock","17":"shipping-taxable","18":"purchasable","19":"product-type-variable"},"_links":{"self":[{"href":"https:\/\/fjallraven.dev.mortar.tovarnaidej.com\/sl\/wp-json\/wp\/v2\/product\/1020989","targetHints":{"allow":["GET"]}}],"collection":[{"href":"https:\/\/fjallraven.dev.mortar.tovarnaidej.com\/sl\/wp-json\/wp\/v2\/product"}],"about":[{"href":"https:\/\/fjallraven.dev.mortar.tovarnaidej.com\/sl\/wp-json\/wp\/v2\/types\/product"}],"version-history":[{"count":1,"href":"https:\/\/fjallraven.dev.mortar.tovarnaidej.com\/sl\/wp-json\/wp\/v2\/product\/1020989\/revisions"}],"predecessor-version":[{"id":1021007,"href":"https:\/\/fjallraven.dev.mortar.tovarnaidej.com\/sl\/wp-json\/wp\/v2\/product\/1020989\/revisions\/1021007"}],"wp:featuredmedia":[{"embeddable":true,"href":"https:\/\/fjallraven.dev.mortar.tovarnaidej.com\/sl\/wp-json\/wp\/v2\/media\/1024622"}],"wp:attachment":[{"href":"https:\/\/fjallraven.dev.mortar.tovarnaidej.com\/sl\/wp-json\/wp\/v2\/media?parent=1020989"}],"wp:term":[{"taxonomy":"product_brand","embeddable":true,"href":"https:\/\/fjallraven.dev.mortar.tovarnaidej.com\/sl\/wp-json\/wp\/v2\/product_brand?post=1020989"},{"taxonomy":"product_cat","embeddable":true,"href":"https:\/\/fjallraven.dev.mortar.tovarnaidej.com\/sl\/wp-json\/wp\/v2\/product_cat?post=1020989"},{"taxonomy":"product_tag","embeddable":true,"href":"https:\/\/fjallraven.dev.mortar.tovarnaidej.com\/sl\/wp-json\/wp\/v2\/product_tag?post=1020989"}],"curies":[{"name":"wp","href":"https:\/\/api.w.org\/{rel}","templated":true}]}}