{"id":1021020,"date":"2025-11-21T09:30:15","date_gmt":"2025-11-21T09:30:15","guid":{"rendered":"https:\/\/fjallraven.dev.mortar.tovarnaidej.com\/?post_type=product&#038;p=1021020"},"modified":"2025-11-27T12:10:51","modified_gmt":"2025-11-27T12:10:51","slug":"abisko-wool-ls-m","status":"publish","type":"product","link":"https:\/\/fjallraven.dev.mortar.tovarnaidej.com\/sl\/izdelek\/abisko-wool-ls-m\/","title":{"rendered":"Abisko Wool LS M"},"content":{"rendered":"<p>Lagana majica dugih rukava od mekog \u017eersey pletiva izra\u0111enog od merino vune i recikliranog poliestera. Kombinira svojstva vunenih vlakana za regulaciju temperature s izdr\u017eljivo\u0161\u0107u i svojstvima sinteti\u010dkih vlakana za odvo\u0111enje vlage. Savr\u0161en prvi sloj u toplim i hladnim klimama, a posebno je korisna na vi\u0161ednevnim putovanjima jer vuna prirodno odolijeva neugodnim mirisima.<\/p>\n","protected":false},"excerpt":{"rendered":"<p>Lagana majica dugih rukava od mje\u0161avine merino vune za toplu i hladnu klimu. Proizvedeno bez PFAS-a.<\/p>\n","protected":false},"featured_media":1024684,"template":"","meta":[],"product_brand":[458],"product_cat":[274],"product_tag":[472,483,539,529,470,471],"class_list":{"0":"post-1021020","1":"product","2":"type-product","3":"status-publish","4":"has-post-thumbnail","6":"product_brand-abisko","7":"product_cat-kosulje-i-osnovni-sloj","8":"product_tag-abisko","9":"product_tag-majice-i-majice-dugih-rukava","10":"product_tag-majice-muski-kratke","11":"product_tag-majice-muski","12":"product_tag-muski","13":"product_tag-trekking","15":"first","16":"outofstock","17":"shipping-taxable","18":"purchasable","19":"product-type-variable"},"_links":{"self":[{"href":"https:\/\/fjallraven.dev.mortar.tovarnaidej.com\/sl\/wp-json\/wp\/v2\/product\/1021020","targetHints":{"allow":["GET"]}}],"collection":[{"href":"https:\/\/fjallraven.dev.mortar.tovarnaidej.com\/sl\/wp-json\/wp\/v2\/product"}],"about":[{"href":"https:\/\/fjallraven.dev.mortar.tovarnaidej.com\/sl\/wp-json\/wp\/v2\/types\/product"}],"version-history":[{"count":1,"href":"https:\/\/fjallraven.dev.mortar.tovarnaidej.com\/sl\/wp-json\/wp\/v2\/product\/1021020\/revisions"}],"predecessor-version":[{"id":1021026,"href":"https:\/\/fjallraven.dev.mortar.tovarnaidej.com\/sl\/wp-json\/wp\/v2\/product\/1021020\/revisions\/1021026"}],"wp:featuredmedia":[{"embeddable":true,"href":"https:\/\/fjallraven.dev.mortar.tovarnaidej.com\/sl\/wp-json\/wp\/v2\/media\/1024684"}],"wp:attachment":[{"href":"https:\/\/fjallraven.dev.mortar.tovarnaidej.com\/sl\/wp-json\/wp\/v2\/media?parent=1021020"}],"wp:term":[{"taxonomy":"product_brand","embeddable":true,"href":"https:\/\/fjallraven.dev.mortar.tovarnaidej.com\/sl\/wp-json\/wp\/v2\/product_brand?post=1021020"},{"taxonomy":"product_cat","embeddable":true,"href":"https:\/\/fjallraven.dev.mortar.tovarnaidej.com\/sl\/wp-json\/wp\/v2\/product_cat?post=1021020"},{"taxonomy":"product_tag","embeddable":true,"href":"https:\/\/fjallraven.dev.mortar.tovarnaidej.com\/sl\/wp-json\/wp\/v2\/product_tag?post=1021020"}],"curies":[{"name":"wp","href":"https:\/\/api.w.org\/{rel}","templated":true}]}}