{"id":1021023,"date":"2025-11-21T09:30:16","date_gmt":"2025-11-21T09:30:16","guid":{"rendered":"https:\/\/fjallraven.dev.mortar.tovarnaidej.com\/?post_type=product&#038;p=1021023"},"modified":"2025-11-27T12:10:51","modified_gmt":"2025-11-27T12:10:51","slug":"fjallraven-logo-t-shirt-m","status":"publish","type":"product","link":"https:\/\/fjallraven.dev.mortar.tovarnaidej.com\/sl\/izdelek\/fjallraven-logo-t-shirt-m\/","title":{"rendered":"Fj\u00e4llr\u00e4ven Logo T-shirt M"},"content":{"rendered":"<p>Majica kratkih rukava od odr\u017eivog d\u017eersey pletiva koje kombinira meko\u0107u organskog pamuka s funkcionalno\u0161\u0107u i izdr\u017eljivo\u0161\u0107u recikliranog poliestera. Odvodi vlagu i brzo se su\u0161i, \u0161to je \u010dini posebno udobnom u toplim klimama. Okrugli ovratnik i otisak s Fj\u00e4llr\u00e4ven logotipom na prednjoj strani.<\/p>\n","protected":false},"excerpt":{"rendered":"<p>Lagana majica kratkih rukava od \u017eerseja pletenog s organskim pamukom i recikliranim poliesterom. Proizvedeno bez PFAS-a.<\/p>\n","protected":false},"featured_media":1024714,"template":"","meta":[],"product_brand":[460],"product_cat":[274],"product_tag":[479,483,539,529,470,480],"class_list":{"0":"post-1021023","1":"product","2":"type-product","3":"status-publish","4":"has-post-thumbnail","6":"product_brand-ovik","7":"product_cat-kosulje-i-osnovni-sloj","8":"product_tag-everyday-outdoor","9":"product_tag-majice-i-majice-dugih-rukava","10":"product_tag-majice-muski-kratke","11":"product_tag-majice-muski","12":"product_tag-muski","13":"product_tag-ovik","15":"first","16":"outofstock","17":"shipping-taxable","18":"purchasable","19":"product-type-variable"},"_links":{"self":[{"href":"https:\/\/fjallraven.dev.mortar.tovarnaidej.com\/sl\/wp-json\/wp\/v2\/product\/1021023","targetHints":{"allow":["GET"]}}],"collection":[{"href":"https:\/\/fjallraven.dev.mortar.tovarnaidej.com\/sl\/wp-json\/wp\/v2\/product"}],"about":[{"href":"https:\/\/fjallraven.dev.mortar.tovarnaidej.com\/sl\/wp-json\/wp\/v2\/types\/product"}],"version-history":[{"count":1,"href":"https:\/\/fjallraven.dev.mortar.tovarnaidej.com\/sl\/wp-json\/wp\/v2\/product\/1021023\/revisions"}],"predecessor-version":[{"id":1021045,"href":"https:\/\/fjallraven.dev.mortar.tovarnaidej.com\/sl\/wp-json\/wp\/v2\/product\/1021023\/revisions\/1021045"}],"wp:featuredmedia":[{"embeddable":true,"href":"https:\/\/fjallraven.dev.mortar.tovarnaidej.com\/sl\/wp-json\/wp\/v2\/media\/1024714"}],"wp:attachment":[{"href":"https:\/\/fjallraven.dev.mortar.tovarnaidej.com\/sl\/wp-json\/wp\/v2\/media?parent=1021023"}],"wp:term":[{"taxonomy":"product_brand","embeddable":true,"href":"https:\/\/fjallraven.dev.mortar.tovarnaidej.com\/sl\/wp-json\/wp\/v2\/product_brand?post=1021023"},{"taxonomy":"product_cat","embeddable":true,"href":"https:\/\/fjallraven.dev.mortar.tovarnaidej.com\/sl\/wp-json\/wp\/v2\/product_cat?post=1021023"},{"taxonomy":"product_tag","embeddable":true,"href":"https:\/\/fjallraven.dev.mortar.tovarnaidej.com\/sl\/wp-json\/wp\/v2\/product_tag?post=1021023"}],"curies":[{"name":"wp","href":"https:\/\/api.w.org\/{rel}","templated":true}]}}