{"id":1021089,"date":"2025-11-21T09:30:33","date_gmt":"2025-11-21T09:30:33","guid":{"rendered":"https:\/\/fjallraven.dev.mortar.tovarnaidej.com\/?post_type=product&#038;p=1021089"},"modified":"2025-11-27T12:10:51","modified_gmt":"2025-11-27T12:10:51","slug":"karla-pro-trousers-w","status":"publish","type":"product","link":"https:\/\/fjallraven.dev.mortar.tovarnaidej.com\/sl\/izdelek\/karla-pro-trousers-w\/","title":{"rendered":"Karla Pro Trousers W"},"content":{"rendered":"<p>Izdr\u017eljive i svestrane hla\u010de za aktivnosti na otvorenom jednako su prikladne za planinarenje kao i za \u0161umske \u0161etnje. Izra\u0111ene od vjetro- i vodootpornog G-1000 Silent materijala s lagano bru\u0161enom povr\u0161inom. Kroj je regularan sa srednjim strukom, a ovaj Pro model ima novi, dobro osmi\u0161ljen kroj koji bolje pristaje i daje ve\u0107u slobodu kretanja &#8211; \u010dak i s ne\u0161to u\u017eim nogavicama. Koljena i stra\u017enjica su prethodno oblikovani, a struk je malo vi\u0161i straga kako bi dobro pristajale pri no\u0161enju ruksaka. Zavr\u0161etci nogavica su neobra\u0111ene duljine pa se mogu prilagoditi bilo kojoj visini.<\/p>\n","protected":false},"excerpt":{"rendered":"<p>Izdr\u017eljive hla\u010de za vanjske aktivnosti s regularnim krojem od bru\u0161enog G-1000 Silent materijala. Kroj koji pru\u017ea dodatnu slobodu kretanja, a ima i \u0161est prakti\u010dnih d\u017eepova. Proizvedeno bez PFAS-a.<\/p>\n","protected":false},"featured_media":1024812,"template":"","meta":[],"product_brand":[460],"product_cat":[259],"product_tag":[479,469,480,489,552,566],"class_list":{"0":"post-1021089","1":"product","2":"type-product","3":"status-publish","4":"has-post-thumbnail","6":"product_brand-ovik","7":"product_cat-hlace-i-suknje","8":"product_tag-everyday-outdoor","9":"product_tag-hlace","10":"product_tag-ovik","11":"product_tag-zene","12":"product_tag-hlace-zene","13":"product_tag-hlace-zene-outdoor","15":"first","16":"outofstock","17":"shipping-taxable","18":"purchasable","19":"product-type-variable"},"_links":{"self":[{"href":"https:\/\/fjallraven.dev.mortar.tovarnaidej.com\/sl\/wp-json\/wp\/v2\/product\/1021089","targetHints":{"allow":["GET"]}}],"collection":[{"href":"https:\/\/fjallraven.dev.mortar.tovarnaidej.com\/sl\/wp-json\/wp\/v2\/product"}],"about":[{"href":"https:\/\/fjallraven.dev.mortar.tovarnaidej.com\/sl\/wp-json\/wp\/v2\/types\/product"}],"version-history":[{"count":1,"href":"https:\/\/fjallraven.dev.mortar.tovarnaidej.com\/sl\/wp-json\/wp\/v2\/product\/1021089\/revisions"}],"predecessor-version":[{"id":1021115,"href":"https:\/\/fjallraven.dev.mortar.tovarnaidej.com\/sl\/wp-json\/wp\/v2\/product\/1021089\/revisions\/1021115"}],"wp:featuredmedia":[{"embeddable":true,"href":"https:\/\/fjallraven.dev.mortar.tovarnaidej.com\/sl\/wp-json\/wp\/v2\/media\/1024812"}],"wp:attachment":[{"href":"https:\/\/fjallraven.dev.mortar.tovarnaidej.com\/sl\/wp-json\/wp\/v2\/media?parent=1021089"}],"wp:term":[{"taxonomy":"product_brand","embeddable":true,"href":"https:\/\/fjallraven.dev.mortar.tovarnaidej.com\/sl\/wp-json\/wp\/v2\/product_brand?post=1021089"},{"taxonomy":"product_cat","embeddable":true,"href":"https:\/\/fjallraven.dev.mortar.tovarnaidej.com\/sl\/wp-json\/wp\/v2\/product_cat?post=1021089"},{"taxonomy":"product_tag","embeddable":true,"href":"https:\/\/fjallraven.dev.mortar.tovarnaidej.com\/sl\/wp-json\/wp\/v2\/product_tag?post=1021089"}],"curies":[{"name":"wp","href":"https:\/\/api.w.org\/{rel}","templated":true}]}}