{"id":1021121,"date":"2025-11-21T09:30:42","date_gmt":"2025-11-21T09:30:42","guid":{"rendered":"https:\/\/fjallraven.dev.mortar.tovarnaidej.com\/?post_type=product&#038;p=1021121"},"modified":"2025-11-27T12:10:50","modified_gmt":"2025-11-27T12:10:50","slug":"kaipak-trousers-curved-w","status":"publish","type":"product","link":"https:\/\/fjallraven.dev.mortar.tovarnaidej.com\/sl\/izdelek\/kaipak-trousers-curved-w\/","title":{"rendered":"Kaipak Trousers Curved W"},"content":{"rendered":"<p>Kaipak hla\u010de dizajnirane su za jednako dobru upotrebu na stazi kao i za svakodnevnu upotrebu. Ovaj model ima zakrivljeni kroj s nagla\u0161enim strukom, a kroj je artikuliran rastezljivim panelima u struku, me\u0111uno\u017eju i stra\u017enjem dijelu koljena za dodatnu slobodu kretanja. Glavna tkanina je izdr\u017eljivi G-1000 koji je otporan na vjetar i kratke pljuskove, a mo\u017ee se voskirati Greenland Waxom za pobolj\u0161anu za\u0161titu od vremenskih uvjeta. Zavr\u0161etci nogavica s pode\u0161avanjem remena i kukama za \u010dizme.<\/p>\n","protected":false},"excerpt":{"rendered":"<p>Izdr\u017eljive, svestrane trekking hla\u010de s Curved Fitom od G-1000 materijala s rastezljivim panelima. Proizvedene bez PFAS-a.<\/p>\n","protected":false},"featured_media":1024833,"template":"","meta":[],"product_brand":[89],"product_cat":[174],"product_tag":[469,478,471,489,552,565],"class_list":{"0":"post-1021121","1":"product","2":"type-product","3":"status-publish","4":"has-post-thumbnail","6":"product_brand-keb","7":"product_cat-hlace-i-suknje","8":"product_tag-hlace","9":"product_tag-keb","10":"product_tag-trekking","11":"product_tag-zene","12":"product_tag-hlace-zene","13":"product_tag-hlace-zene-treking","15":"first","16":"outofstock","17":"shipping-taxable","18":"purchasable","19":"product-type-variable"},"_links":{"self":[{"href":"https:\/\/fjallraven.dev.mortar.tovarnaidej.com\/sl\/wp-json\/wp\/v2\/product\/1021121","targetHints":{"allow":["GET"]}}],"collection":[{"href":"https:\/\/fjallraven.dev.mortar.tovarnaidej.com\/sl\/wp-json\/wp\/v2\/product"}],"about":[{"href":"https:\/\/fjallraven.dev.mortar.tovarnaidej.com\/sl\/wp-json\/wp\/v2\/types\/product"}],"version-history":[{"count":1,"href":"https:\/\/fjallraven.dev.mortar.tovarnaidej.com\/sl\/wp-json\/wp\/v2\/product\/1021121\/revisions"}],"predecessor-version":[{"id":1021131,"href":"https:\/\/fjallraven.dev.mortar.tovarnaidej.com\/sl\/wp-json\/wp\/v2\/product\/1021121\/revisions\/1021131"}],"wp:featuredmedia":[{"embeddable":true,"href":"https:\/\/fjallraven.dev.mortar.tovarnaidej.com\/sl\/wp-json\/wp\/v2\/media\/1024833"}],"wp:attachment":[{"href":"https:\/\/fjallraven.dev.mortar.tovarnaidej.com\/sl\/wp-json\/wp\/v2\/media?parent=1021121"}],"wp:term":[{"taxonomy":"product_brand","embeddable":true,"href":"https:\/\/fjallraven.dev.mortar.tovarnaidej.com\/sl\/wp-json\/wp\/v2\/product_brand?post=1021121"},{"taxonomy":"product_cat","embeddable":true,"href":"https:\/\/fjallraven.dev.mortar.tovarnaidej.com\/sl\/wp-json\/wp\/v2\/product_cat?post=1021121"},{"taxonomy":"product_tag","embeddable":true,"href":"https:\/\/fjallraven.dev.mortar.tovarnaidej.com\/sl\/wp-json\/wp\/v2\/product_tag?post=1021121"}],"curies":[{"name":"wp","href":"https:\/\/api.w.org\/{rel}","templated":true}]}}