{"id":1021122,"date":"2025-11-21T09:30:42","date_gmt":"2025-11-21T09:30:42","guid":{"rendered":"https:\/\/fjallraven.dev.mortar.tovarnaidej.com\/?post_type=product&#038;p=1021122"},"modified":"2025-11-27T12:10:50","modified_gmt":"2025-11-27T12:10:50","slug":"abisko-midsummer-zip-off-trousers-w","status":"publish","type":"product","link":"https:\/\/fjallraven.dev.mortar.tovarnaidej.com\/sl\/izdelek\/abisko-midsummer-zip-off-trousers-w\/","title":{"rendered":"Abisko Midsummer Zip Off Trousers W"},"content":{"rendered":"<p>Na\u0161e nagra\u0111ivane Abisko Midsummer hla\u010de, ovdje s funkcionalno\u0161\u0107u zatvara\u010da. Izra\u0111ene od G-1000 Air Stretch (organski pamuk i djelomi\u010dno reciklirani poliester) i savitljive rastezljive tkanine (djelomi\u010dno reciklirani poliester). Obje tkanine se brzo su\u0161e i izvrsno prozra\u010dne. Savr\u0161ene za planinarenje i putovanja jer se lako mogu pretvoriti iz kratkih hla\u010da u duge hla\u010de kada vam je potrebna za\u0161tita od sunca i neravnog terena.<\/p>\n","protected":false},"excerpt":{"rendered":"<p>Lagane, dobro prozra\u010dne i skladne \u017eenske hla\u010de s patentnim zatvara\u010dem za planinarenje u toplim klimama. Proizvedeno bez PFAS-a.<\/p>\n","protected":false},"featured_media":1024838,"template":"","meta":[],"product_brand":[458],"product_cat":[174],"product_tag":[472,469,471,489,552,565],"class_list":{"0":"post-1021122","1":"product","2":"type-product","3":"status-publish","4":"has-post-thumbnail","6":"product_brand-abisko","7":"product_cat-hlace-i-suknje","8":"product_tag-abisko","9":"product_tag-hlace","10":"product_tag-trekking","11":"product_tag-zene","12":"product_tag-hlace-zene","13":"product_tag-hlace-zene-treking","15":"first","16":"outofstock","17":"shipping-taxable","18":"purchasable","19":"product-type-variable"},"_links":{"self":[{"href":"https:\/\/fjallraven.dev.mortar.tovarnaidej.com\/sl\/wp-json\/wp\/v2\/product\/1021122","targetHints":{"allow":["GET"]}}],"collection":[{"href":"https:\/\/fjallraven.dev.mortar.tovarnaidej.com\/sl\/wp-json\/wp\/v2\/product"}],"about":[{"href":"https:\/\/fjallraven.dev.mortar.tovarnaidej.com\/sl\/wp-json\/wp\/v2\/types\/product"}],"version-history":[{"count":1,"href":"https:\/\/fjallraven.dev.mortar.tovarnaidej.com\/sl\/wp-json\/wp\/v2\/product\/1021122\/revisions"}],"predecessor-version":[{"id":1021136,"href":"https:\/\/fjallraven.dev.mortar.tovarnaidej.com\/sl\/wp-json\/wp\/v2\/product\/1021122\/revisions\/1021136"}],"wp:featuredmedia":[{"embeddable":true,"href":"https:\/\/fjallraven.dev.mortar.tovarnaidej.com\/sl\/wp-json\/wp\/v2\/media\/1024838"}],"wp:attachment":[{"href":"https:\/\/fjallraven.dev.mortar.tovarnaidej.com\/sl\/wp-json\/wp\/v2\/media?parent=1021122"}],"wp:term":[{"taxonomy":"product_brand","embeddable":true,"href":"https:\/\/fjallraven.dev.mortar.tovarnaidej.com\/sl\/wp-json\/wp\/v2\/product_brand?post=1021122"},{"taxonomy":"product_cat","embeddable":true,"href":"https:\/\/fjallraven.dev.mortar.tovarnaidej.com\/sl\/wp-json\/wp\/v2\/product_cat?post=1021122"},{"taxonomy":"product_tag","embeddable":true,"href":"https:\/\/fjallraven.dev.mortar.tovarnaidej.com\/sl\/wp-json\/wp\/v2\/product_tag?post=1021122"}],"curies":[{"name":"wp","href":"https:\/\/api.w.org\/{rel}","templated":true}]}}