{"id":1021123,"date":"2025-11-21T09:30:42","date_gmt":"2025-11-21T09:30:42","guid":{"rendered":"https:\/\/fjallraven.dev.mortar.tovarnaidej.com\/?post_type=product&#038;p=1021123"},"modified":"2025-11-27T12:10:50","modified_gmt":"2025-11-27T12:10:50","slug":"ovik-knit-sweater-w","status":"publish","type":"product","link":"https:\/\/fjallraven.dev.mortar.tovarnaidej.com\/sl\/izdelek\/ovik-knit-sweater-w\/","title":{"rendered":"\u00d6vik Knit Sweater W"},"content":{"rendered":"<p>Udoban d\u017eemper od mekane, tople vune za svakodnevnu upotrebu i opu\u0161teni boravak na otvorenom. Prekrasan odjevni predmet s uzorkom koji tako\u0111er ima izvrsnu funkcionalnost jer vuna odvodi vlagu iz odje\u0107e osnovnog sloja i jedno je od rijetkih vlakana koja griju \u010dak i kada su vla\u017ena. Savr\u0161en kao izolacijski srednji sloj ispod jakne ili, na primjer, u kombinaciji s pernatim prslukom u toplijim danima. Okrugli izrez i raglan rukavi s oja\u010danim laktovima. Rebrasti rubovi na man\u017eetama i rubu.<\/p>\n","protected":false},"excerpt":{"rendered":"<p>Prekrasan uzorak d\u017eempera od mekane, tople vune. Okrugli izrez, pripijeni raglan kroj i poja\u010danja na laktovima. Proizvedeno bez PFAS-a.<\/p>\n","protected":false},"featured_media":1024840,"template":"","meta":[],"product_brand":[460],"product_cat":[186],"product_tag":[595,482,479,480,489,564,563],"class_list":{"0":"post-1021123","1":"product","2":"type-product","3":"status-publish","4":"has-post-thumbnail","6":"product_brand-ovik","7":"product_cat-srednji-slojevi","8":"product_tag-dzemperi-i-pletivo","9":"product_tag-dzemperi-i-vuna","10":"product_tag-everyday-outdoor","11":"product_tag-ovik","12":"product_tag-zene","13":"product_tag-mid-layer-zene-prsluci","14":"product_tag-mid-layer-zene-pletivo","16":"first","17":"outofstock","18":"shipping-taxable","19":"purchasable","20":"product-type-variable"},"_links":{"self":[{"href":"https:\/\/fjallraven.dev.mortar.tovarnaidej.com\/sl\/wp-json\/wp\/v2\/product\/1021123","targetHints":{"allow":["GET"]}}],"collection":[{"href":"https:\/\/fjallraven.dev.mortar.tovarnaidej.com\/sl\/wp-json\/wp\/v2\/product"}],"about":[{"href":"https:\/\/fjallraven.dev.mortar.tovarnaidej.com\/sl\/wp-json\/wp\/v2\/types\/product"}],"version-history":[{"count":2,"href":"https:\/\/fjallraven.dev.mortar.tovarnaidej.com\/sl\/wp-json\/wp\/v2\/product\/1021123\/revisions"}],"predecessor-version":[{"id":1024945,"href":"https:\/\/fjallraven.dev.mortar.tovarnaidej.com\/sl\/wp-json\/wp\/v2\/product\/1021123\/revisions\/1024945"}],"wp:featuredmedia":[{"embeddable":true,"href":"https:\/\/fjallraven.dev.mortar.tovarnaidej.com\/sl\/wp-json\/wp\/v2\/media\/1024840"}],"wp:attachment":[{"href":"https:\/\/fjallraven.dev.mortar.tovarnaidej.com\/sl\/wp-json\/wp\/v2\/media?parent=1021123"}],"wp:term":[{"taxonomy":"product_brand","embeddable":true,"href":"https:\/\/fjallraven.dev.mortar.tovarnaidej.com\/sl\/wp-json\/wp\/v2\/product_brand?post=1021123"},{"taxonomy":"product_cat","embeddable":true,"href":"https:\/\/fjallraven.dev.mortar.tovarnaidej.com\/sl\/wp-json\/wp\/v2\/product_cat?post=1021123"},{"taxonomy":"product_tag","embeddable":true,"href":"https:\/\/fjallraven.dev.mortar.tovarnaidej.com\/sl\/wp-json\/wp\/v2\/product_tag?post=1021123"}],"curies":[{"name":"wp","href":"https:\/\/api.w.org\/{rel}","templated":true}]}}