{"id":1021124,"date":"2025-11-21T09:30:42","date_gmt":"2025-11-21T09:30:42","guid":{"rendered":"https:\/\/fjallraven.dev.mortar.tovarnaidej.com\/?post_type=product&#038;p=1021124"},"modified":"2025-11-27T12:10:50","modified_gmt":"2025-11-27T12:10:50","slug":"expedition-down-heater","status":"publish","type":"product","link":"https:\/\/fjallraven.dev.mortar.tovarnaidej.com\/sl\/izdelek\/expedition-down-heater\/","title":{"rendered":"Expedition Down Heater"},"content":{"rendered":"<p>Topla zimska kapa s perjem za zaista hladne dane. Idealna za zimske izlete u arkti\u010dkim uvjetima gdje vizir sprje\u010dava snijeg da pada s lica, a za\u0161titne kapice za u\u0161i griju bradu i u\u0161i. \u010cetkana podstava za udobnost i elasti\u010dna traka na stra\u017enjoj strani za izvrsno pristajanje. Lagane tkanine i kompresijska priroda perja olak\u0161avaju spremanje u ruksak ili d\u017eep, spremnu za navla\u010denje kada zapu\u0161e ledeni vjetrovi.<\/p>\n","protected":false},"excerpt":{"rendered":"<p>Topla, podstavljena zimska kapa za vrlo hladne i vjetrovite uvjete. Proizvedeno bez PFAS-a.<\/p>\n","protected":false},"featured_media":1024856,"template":"","meta":[],"product_brand":[105],"product_cat":[191],"product_tag":[541,486,477,471,485],"class_list":{"0":"post-1021124","1":"product","2":"type-product","3":"status-publish","4":"has-post-thumbnail","6":"product_brand-polar","7":"product_cat-dodaci-za-odjecu","8":"product_tag-dodaci-kape","9":"product_tag-ostali-modni-dodaci","10":"product_tag-polar","11":"product_tag-trekking","12":"product_tag-unisex","14":"first","15":"outofstock","16":"shipping-taxable","17":"purchasable","18":"product-type-variable"},"_links":{"self":[{"href":"https:\/\/fjallraven.dev.mortar.tovarnaidej.com\/sl\/wp-json\/wp\/v2\/product\/1021124","targetHints":{"allow":["GET"]}}],"collection":[{"href":"https:\/\/fjallraven.dev.mortar.tovarnaidej.com\/sl\/wp-json\/wp\/v2\/product"}],"about":[{"href":"https:\/\/fjallraven.dev.mortar.tovarnaidej.com\/sl\/wp-json\/wp\/v2\/types\/product"}],"version-history":[{"count":1,"href":"https:\/\/fjallraven.dev.mortar.tovarnaidej.com\/sl\/wp-json\/wp\/v2\/product\/1021124\/revisions"}],"predecessor-version":[{"id":1021148,"href":"https:\/\/fjallraven.dev.mortar.tovarnaidej.com\/sl\/wp-json\/wp\/v2\/product\/1021124\/revisions\/1021148"}],"wp:featuredmedia":[{"embeddable":true,"href":"https:\/\/fjallraven.dev.mortar.tovarnaidej.com\/sl\/wp-json\/wp\/v2\/media\/1024856"}],"wp:attachment":[{"href":"https:\/\/fjallraven.dev.mortar.tovarnaidej.com\/sl\/wp-json\/wp\/v2\/media?parent=1021124"}],"wp:term":[{"taxonomy":"product_brand","embeddable":true,"href":"https:\/\/fjallraven.dev.mortar.tovarnaidej.com\/sl\/wp-json\/wp\/v2\/product_brand?post=1021124"},{"taxonomy":"product_cat","embeddable":true,"href":"https:\/\/fjallraven.dev.mortar.tovarnaidej.com\/sl\/wp-json\/wp\/v2\/product_cat?post=1021124"},{"taxonomy":"product_tag","embeddable":true,"href":"https:\/\/fjallraven.dev.mortar.tovarnaidej.com\/sl\/wp-json\/wp\/v2\/product_tag?post=1021124"}],"curies":[{"name":"wp","href":"https:\/\/api.w.org\/{rel}","templated":true}]}}